{"id":5606,"date":"2018-10-15T15:48:03","date_gmt":"2018-10-15T08:48:03","guid":{"rendered":"https:\/\/supplyhouse.vn\/product\/quat-thong-gio-noi-ong-sieu-am-kdd-kolowa\/"},"modified":"2018-10-22T14:08:58","modified_gmt":"2018-10-22T07:08:58","slug":"duct-fan-kdd-kolowa","status":"publish","type":"product","link":"http:\/\/supplyhouse.vn\/en\/product\/duct-fan-kdd-kolowa\/","title":{"rendered":"KDD Series Silent Mixed Flow Inline Duct Fan &#8211; KOLOWA"},"content":{"rendered":"","protected":false},"excerpt":{"rendered":"<p><strong><img loading=\"lazy\" class=\"aligncenter size-full wp-image-4677\" src=\"https:\/\/supplyhouse.vn\/wp-content\/uploads\/2018\/10\/56ffa93de24dcA.jpg\" alt=\"\" width=\"1920\" height=\"200\" srcset=\"http:\/\/supplyhouse.vn\/wp-content\/uploads\/2018\/10\/56ffa93de24dcA.jpg 1920w, http:\/\/supplyhouse.vn\/wp-content\/uploads\/2018\/10\/56ffa93de24dcA-700x73.jpg 700w, http:\/\/supplyhouse.vn\/wp-content\/uploads\/2018\/10\/56ffa93de24dcA-768x80.jpg 768w, http:\/\/supplyhouse.vn\/wp-content\/uploads\/2018\/10\/56ffa93de24dcA-1200x125.jpg 1200w\" sizes=\"(max-width: 1920px) 100vw, 1920px\" \/><\/strong><\/p>\n<p><strong>Xu\u1ea5t x\u1ee9:<\/strong> Taiwan<\/p>\n<p><strong>B\u1ea2NG GI\u00c1:<\/strong><\/p>\n<p><strong><img loading=\"lazy\" class=\"aligncenter size-full wp-image-4679\" src=\"https:\/\/supplyhouse.vn\/wp-content\/uploads\/2018\/10\/Bang-gia-KDD-A.png\" alt=\"\" width=\"1650\" height=\"561\" srcset=\"http:\/\/supplyhouse.vn\/wp-content\/uploads\/2018\/10\/Bang-gia-KDD-A.png 1650w, http:\/\/supplyhouse.vn\/wp-content\/uploads\/2018\/10\/Bang-gia-KDD-A-700x238.png 700w, http:\/\/supplyhouse.vn\/wp-content\/uploads\/2018\/10\/Bang-gia-KDD-A-768x261.png 768w, http:\/\/supplyhouse.vn\/wp-content\/uploads\/2018\/10\/Bang-gia-KDD-A-1200x408.png 1200w\" sizes=\"(max-width: 1650px) 100vw, 1650px\" \/>M\u00d4 T\u1ea2:<\/strong><\/p>\n<p><strong>Qu\u1ea1t th\u00f4ng gi\u00f3 n\u1ed1i \u1ed1ng si\u00eau \u00e2m<\/strong>\u00a0KDD th\u01b0\u01a1ng hi\u1ec7u c\u1ee7a \u0110\u00e0i Loan, \u0111\u1ea1t ti\u00eau chu\u1ea9n ch\u1ea5t l\u01b0\u1ee3ng Ch\u00e2u \u00c2u (European Standard): EN71-3 v\u00e0 RoHS, SAA \u0111\u1ea3m b\u1ea3o an to\u00e0n tuy\u1ec7t \u0111\u1ed1i, th\u00e2n thi\u1ec7n v\u1edbi ng\u01b0\u1eddi s\u1eed d\u1ee5ng. D\u1ec5 d\u00e0ng l\u1eafp \u0111\u1eb7t, mang l\u1ea1i hi\u1ec7u qu\u1ea3 cao, ch\u1ecbu \u0111\u01b0\u1ee3c th\u1eddi ti\u1ebft kh\u1eafc nghi\u1ec7t, \u0111\u1ed9 b\u1ec1n l\u00ean \u0111\u1ebfn 50 n\u0103m. V\u1edbi ki\u1ec3u d\u00e1ng thi\u1ebft k\u1ebf hi\u1ec7n \u0111\u1ea1i, sang tr\u1ecdng. \u0110\u1ed9ng c\u01a1 m\u1ea1nh m\u1ebd gi\u00fap b\u1ea1n c\u00f3 th\u1ec3 c\u1ea3m nh\u1eadn \u0111\u01b0\u1ee3c b\u1ea7u kh\u00f4ng kh\u00ed trong l\u00e0nh, t\u01b0\u01a1i m\u00e1t nh\u01b0 thi\u00ean nhi\u00ean nh\u1edd v\u00e0o c\u00f4ng ngh\u1ec7 l\u01b0u th\u00f4ng kh\u00f4ng kh\u00ed ti\u00ean ti\u1ebfn, gi\u00fap b\u1ea3o v\u1ec7 s\u1ee9c kh\u1ecfe, t\u1ea1o c\u1ea3m gi\u00e1c tho\u1ea3i m\u00e1i v\u00e0 d\u1ec5 ch\u1ecbu.<\/p>\n","protected":false},"featured_media":4686,"template":"","meta":[],"_links":{"self":[{"href":"http:\/\/supplyhouse.vn\/en\/wp-json\/wp\/v2\/product\/5606"}],"collection":[{"href":"http:\/\/supplyhouse.vn\/en\/wp-json\/wp\/v2\/product"}],"about":[{"href":"http:\/\/supplyhouse.vn\/en\/wp-json\/wp\/v2\/types\/product"}],"wp:featuredmedia":[{"embeddable":true,"href":"http:\/\/supplyhouse.vn\/en\/wp-json\/wp\/v2\/media\/4686"}],"wp:attachment":[{"href":"http:\/\/supplyhouse.vn\/en\/wp-json\/wp\/v2\/media?parent=5606"}],"curies":[{"name":"wp","href":"https:\/\/api.w.org\/{rel}","templated":true}]}}