{"id":3148,"date":"2018-08-23T08:40:31","date_gmt":"2018-08-23T01:40:31","guid":{"rendered":"http:\/\/11173.123webdep.xyz\/dich-vu-can-chinh-hvac\/"},"modified":"2018-10-22T14:50:22","modified_gmt":"2018-10-22T07:50:22","slug":"hvac-system-cablibration-service","status":"publish","type":"page","link":"http:\/\/supplyhouse.vn\/en\/hvac-system-cablibration-service\/","title":{"rendered":"HVAC System Calibration Service"},"content":{"rendered":"<p>[vc_row][vc_column][vc_column_text]<\/p>\n<h3 style=\"text-align: center;\"><strong>D\u1ecaCH V\u1ee4 C\u00c2N CH\u1ec8NH HVAC<\/strong><\/h3>\n<h4 style=\"text-align: center;\">K\u00ednh th\u01b0a Qu\u00fd kh\u00e1ch h\u00e0ng,<\/h4>\n<h4 style=\"text-align: center;\">Tr\u1ea3i qua nhi\u1ec1u n\u0103m l\u00e0m vi\u1ec7c trong l\u0129nh v\u1ef1c t\u01b0 v\u1ea5n &#8211; thi\u1ebft k\u1ebf &#8211; l\u1eafp \u0111\u1eb7t v\u00e0 v\u1eadn h\u00e0nh h\u1ec7 th\u1ed1ng \u0110i\u1ec1u h\u00f2a Kh\u00f4ng kh\u00ed &amp; Th\u00f4ng gi\u00f3 cho nhi\u1ec1u lo\u1ea1i c\u00f4ng tr\u00ecnh \u0111a d\u1ea1ng, t\u1eeb c\u00e1c <em>Nh\u00e0 M\u00e1y S\u1ea3n Xu\u1ea5t D\u01b0\u1ee3c Ph\u1ea9m<\/em> cho \u0111\u1ebfn c\u00e1c c\u00f4ng tr\u00ecnh <em>B\u1ec7nh Vi\u1ec7n, Tr\u01b0\u1eddng H\u1ecdc, Trung T\u00e2m Th\u01b0\u01a1ng M\u1ea1i, V\u0103n Ph\u00f2ng v\u00e0 Nh\u00e0 \u1ede<\/em>; \u0111\u1ed9i ng\u0169 k\u1ef9 s\u01b0, chuy\u00ean vi\u00ean c\u1ee7a c\u00f4ng ty hi\u1ec7n t\u1ea1i \u0111\u00e3 c\u00f3 nhi\u1ec1u kinh nghi\u1ec7m trong vi\u1ec7c ki\u1ec3m tra, \u0111o l\u01b0\u1eddng, c\u00e2n ch\u1ec9nh c\u00e1c th\u00f4ng s\u1ed1 ho\u1ea1t \u0111\u1ed9ng c\u1ee7a h\u1ec7 th\u1ed1ng HVAC. Tr\u00ean n\u1ec1n t\u1ea3ng \u0111\u00f3, C\u00f4ng ty C\u1ed5 ph\u1ea7n Th\u01b0\u01a1ng m\u1ea1i K\u1ef9 thu\u1eadt 30-4 quy\u1ebft \u0111\u1ecbnh th\u00e0nh l\u1eadp D\u1ecbch v\u1ee5 C\u00e2n ch\u1ec9nh HVAC v\u1edbi m\u1ee5c \u0111\u00edch ph\u00e1t tri\u1ec3n c\u00e1c l\u0129nh v\u1ef1c chuy\u00ean m\u00f4n v\u1ec1 ki\u1ec3m tra, \u0111o l\u01b0\u1eddng v\u00e0 c\u00e2n ch\u1ec9nh c\u00e1c th\u00f4ng s\u1ed1 c\u1ee7a h\u1ec7 th\u1ed1ng HVAC.<\/h4>\n<h4 style=\"text-align: center;\"><span style=\"color: #808080;\">Khi c\u00e1c th\u00f4ng s\u1ed1 nh\u01b0 nhi\u1ec7t \u0111\u1ed9, \u0111\u1ed9 \u1ea9m, t\u1ed1c \u0111\u1ed9 kh\u00f4ng kh\u00ed, l\u01b0u l\u01b0\u1ee3ng kh\u00f4ng kh\u00ed, \u00e1p su\u1ea5t v\u00e0 t\u1ef7 l\u1ec7 kh\u00f4ng kh\u00ed s\u1ea1ch\u2026c\u1ee7a khu v\u1ef1c \u0111\u01b0\u1ee3c \u0111o \u0111\u1ea1c ch\u00ednh x\u00e1c s\u1ebd k\u1ebft lu\u1eadn \u0111\u01b0\u1ee3c h\u1ec7 th\u1ed1ng ho\u1ea1t \u0111\u1ed9ng c\u00f3 \u0111\u00e1p \u1ee9ng \u0111\u01b0\u1ee3c y\u00eau c\u1ea7u hay kh\u00f4ng. C\u00e1c th\u00f4ng s\u1ed1 nh\u1eadn \u0111\u01b0\u1ee3c s\u1ebd so s\u00e1nh v\u1edbi c\u00e1c d\u1eef li\u1ec7u \u0111\u01b0\u1ee3c s\u1eed d\u1ee5ng trong giai \u0111o\u1ea1n thi\u1ebft k\u1ebf ban \u0111\u1ea7u. N\u1ebfu kh\u00f4ng c\u00f2n \u0111\u00e1p \u1ee9ng \u0111\u01b0\u1ee3c, s\u1ebd t\u00ednh to\u00e1n v\u00e0 hi\u1ec7u chu\u1ea9n \u0111\u1ec3 \u0111\u1ea1t nh\u1eefng y\u00eau c\u1ea7u \u0111\u1eb7t ra, ho\u1eb7c th\u1ef1c hi\u1ec7n vi\u1ec7c thay \u0111\u1ed5i thi\u1ebft k\u1ebf v\u00e0 c\u1ea3i ti\u1ebfn theo nhu c\u1ea7u m\u1edbi.<\/span><\/h4>\n<p><img loading=\"lazy\" class=\"alignleft size-full wp-image-4376\" src=\"https:\/\/supplyhouse.vn\/wp-content\/uploads\/2018\/10\/keyvisual-A.jpg\" alt=\"\" width=\"1400\" height=\"310\" srcset=\"http:\/\/supplyhouse.vn\/wp-content\/uploads\/2018\/10\/keyvisual-A.jpg 1400w, http:\/\/supplyhouse.vn\/wp-content\/uploads\/2018\/10\/keyvisual-A-700x155.jpg 700w, http:\/\/supplyhouse.vn\/wp-content\/uploads\/2018\/10\/keyvisual-A-768x170.jpg 768w, http:\/\/supplyhouse.vn\/wp-content\/uploads\/2018\/10\/keyvisual-A-1200x266.jpg 1200w\" sizes=\"(max-width: 1400px) 100vw, 1400px\" \/>[\/vc_column_text][vc_column_text]<\/p>\n<p style=\"text-align: center;\">_____________________<\/p>\n<h3 style=\"text-align: center;\"><strong>M\u1ee4C TI\u00caU C\u1ee6A D\u1ecaCH V\u1ee4<\/strong><\/h3>\n<h4 style=\"text-align: center;\">Trong h\u1ec7 th\u1ed1ng HVAC th\u00ec c\u00e1c th\u00f4ng s\u1ed1 ho\u1ea1t \u0111\u1ed9ng c\u1ee7a thi\u1ebft b\u1ecb \u0111\u1ec1u \u1ea3nh h\u01b0\u1edfng \u0111\u1ebfn ch\u1ea5t l\u01b0\u1ee3ng v\u00e0 n\u0103ng l\u01b0\u1ee3ng c\u1ee7a h\u1ec7 th\u1ed1ng. C\u00e1c th\u00f4ng s\u1ed1 ho\u1ea1t \u0111\u1ed9ng \u0111\u00fang ph\u1ea1m vi s\u1ebd \u0111em \u0111\u1ebfn \u0111\u1ed9 tin c\u1eady cao v\u1ec1 ch\u1ea5t l\u01b0\u1ee3ng, b\u00ean c\u1ea1nh \u0111\u00f3 vi\u1ec7c t\u1ed1i \u01b0u h\u00f3a c\u00e1c th\u00f4ng s\u1ed1 thi\u1ebft k\u1ebf s\u1ebd \u0111em \u0111\u1ebfn gi\u1ea3i ph\u00e1p ti\u1ebft ki\u1ec7m v\u1ec1 n\u0103ng l\u01b0\u1ee3ng. Do v\u1eady vi\u1ec7c \u0111o \u0111\u1ea1c, ki\u1ec3m tra v\u00e0 c\u00e2n ch\u1ec9nh trong qu\u00e1 tr\u00ecnh \u0111\u00e1nh gi\u00e1 h\u1ec7 th\u1ed1ng lu\u00f4n c\u00f3 \u00fd ngh\u0129a quan tr\u1ecdng.<\/h4>\n<h4 style=\"text-align: center;\">D\u1ecbch v\u1ee5 C\u00e2n ch\u1ec9nh HVAC c\u1ee7a C\u00f4ng ty C\u1ed5 ph\u1ea7n Th\u01b0\u01a1ng m\u1ea1i K\u1ef9 thu\u1eadt 30-4 \u00a0ho\u1ea1t \u0111\u1ed9ng v\u1edbi m\u1ee5c ti\u00eau:<\/h4>\n<h3 style=\"text-align: center;\">\u201cCung c\u1ea5p gi\u1ea3i ph\u00e1p v\u00e0 d\u1ecbch v\u1ee5 t\u1ed1t nh\u1ea5t cho kh\u00e1ch h\u00e0ng\u201d<\/h3>\n<p><img loading=\"lazy\" class=\"alignleft size-full wp-image-4378\" src=\"https:\/\/supplyhouse.vn\/wp-content\/uploads\/2018\/10\/02ABn.jpg\" alt=\"\" width=\"1910\" height=\"1012\" srcset=\"http:\/\/supplyhouse.vn\/wp-content\/uploads\/2018\/10\/02ABn.jpg 1910w, http:\/\/supplyhouse.vn\/wp-content\/uploads\/2018\/10\/02ABn-700x371.jpg 700w, http:\/\/supplyhouse.vn\/wp-content\/uploads\/2018\/10\/02ABn-768x407.jpg 768w, http:\/\/supplyhouse.vn\/wp-content\/uploads\/2018\/10\/02ABn-1200x636.jpg 1200w\" sizes=\"(max-width: 1910px) 100vw, 1910px\" \/>[\/vc_column_text][vc_column_text]<\/p>\n<p style=\"text-align: center;\">_____________________________________<\/p>\n<h3 style=\"text-align: center;\"><strong>C\u00c1C H\u1ea0NG M\u1ee4C KI\u1ec2M TRA V\u00c0 C\u00c2N CH\u1ec8NH<\/strong><\/h3>\n<ul style=\"text-align: center;\">\n<li>\n<h5>KI\u1ec2M TRA B\u1ee4I C\u1ee6A PH\u00d2NG S\u1ea0CH<\/h5>\n<\/li>\n<li>\n<h5>KI\u1ec2M TRA NHI\u1ec6T \u0110\u1ed8 V\u00c0 \u0110\u1ed8 \u1ea8M<\/h5>\n<\/li>\n<li>\n<h5>C\u00c2N CH\u1ec8NH L\u01afU L\u01af\u1ee2NG GI\u00d3<\/h5>\n<\/li>\n<li>\n<h5>C\u00c2N CH\u1ec8NH L\u01afU L\u01af\u1ee2NG N\u01af\u1edaC<\/h5>\n<\/li>\n<li>\n<h5>C\u00c2N CH\u1ec8NH \u00c1P SU\u1ea4T PH\u00d2NG<\/h5>\n<\/li>\n<li>\n<h5>KI\u1ec2M TRA HI\u1ec6U QU\u1ea2 C\u1ee6A H\u1ec6 TH\u1ed0NG L\u1eccC<\/h5>\n<\/li>\n<li>\n<h5>KI\u1ec2M TRA D\u00d2NG KH\u00d3I<\/h5>\n<\/li>\n<li>\n<h5>KI\u1ec2M TRA \u00d4 NHI\u1ec4M KH\u00d4NG KH\u00cd<\/h5>\n<\/li>\n<li>\n<h5>\u0110O \u0110\u1ed8 \u1ed2N<\/h5>\n<\/li>\n<\/ul>\n<p style=\"text-align: center;\"><img loading=\"lazy\" class=\"alignleft size-full wp-image-4380\" src=\"https:\/\/supplyhouse.vn\/wp-content\/uploads\/2018\/10\/HVAC-6-1600wABn.jpg\" alt=\"\" width=\"1600\" height=\"950\" srcset=\"http:\/\/supplyhouse.vn\/wp-content\/uploads\/2018\/10\/HVAC-6-1600wABn.jpg 1600w, http:\/\/supplyhouse.vn\/wp-content\/uploads\/2018\/10\/HVAC-6-1600wABn-700x416.jpg 700w, http:\/\/supplyhouse.vn\/wp-content\/uploads\/2018\/10\/HVAC-6-1600wABn-768x456.jpg 768w, http:\/\/supplyhouse.vn\/wp-content\/uploads\/2018\/10\/HVAC-6-1600wABn-1200x713.jpg 1200w\" sizes=\"(max-width: 1600px) 100vw, 1600px\" \/><\/p>\n<p>[\/vc_column_text][vc_column_text]<\/p>\n<p style=\"text-align: center;\">____________________________________________________________<\/p>\n<h3 style=\"text-align: center;\"><strong>XIN VUI L\u00d2NG LI\u00caN H\u1ec6 V\u1edaI CH\u00daNG T\u00d4I KHI QU\u00dd KH\u00c1CH C\u00d3 NHU C\u1ea6U<\/strong><\/h3>\n<h3 style=\"text-align: center;\"><strong>HOTLINE : 093 883 0912<\/strong><\/h3>\n<h4 style=\"text-align: center;\">C\u00f4ng ty cam k\u1ebft \u0111\u00e1p \u1ee9ng c\u00e1c y\u00eau c\u1ea7u v\u00e0 l\u00e0m h\u00e0i l\u00f2ng qu\u00fd kh\u00e1ch h\u00e0ng b\u1eb1ng nh\u1eefng s\u1ea3n ph\u1ea9m ch\u1ea5t l\u01b0\u1ee3ng cao v\u00e0 d\u1ecbch v\u1ee5 t\u1ed1t nh\u1ea5t, \u0111\u1ea3m b\u1ea3o an to\u00e0n v\u00e0 th\u1eddi gian nhanh ch\u00f3ng v\u1edbi m\u1ee9c gi\u00e1 h\u1ee3p l\u00fd nh\u1ea5t.<\/h4>\n<h3 style=\"text-align: center;\">S\u1ef1 an t\u00e2m, h\u00e0i l\u00f2ng c\u1ee7a qu\u00fd kh\u00e1ch h\u00e0ng l\u00e0 ni\u1ec1m vinh h\u1ea1nh v\u00e0 tr\u00e1ch nhi\u1ec7m c\u1ee7a ch\u00fang t\u00f4i!<\/h3>\n<p><img loading=\"lazy\" class=\"alignleft size-full wp-image-4382\" src=\"https:\/\/supplyhouse.vn\/wp-content\/uploads\/2018\/10\/10ABn.jpg\" alt=\"\" width=\"1786\" height=\"962\" srcset=\"http:\/\/supplyhouse.vn\/wp-content\/uploads\/2018\/10\/10ABn.jpg 1786w, http:\/\/supplyhouse.vn\/wp-content\/uploads\/2018\/10\/10ABn-700x377.jpg 700w, http:\/\/supplyhouse.vn\/wp-content\/uploads\/2018\/10\/10ABn-768x414.jpg 768w, http:\/\/supplyhouse.vn\/wp-content\/uploads\/2018\/10\/10ABn-1200x646.jpg 1200w\" sizes=\"(max-width: 1786px) 100vw, 1786px\" \/>[\/vc_column_text][vc_column_text]<\/p>\n<p>&nbsp;<\/p>\n<p><img loading=\"lazy\" class=\"alignleft size-full wp-image-4384\" src=\"https:\/\/supplyhouse.vn\/wp-content\/uploads\/2018\/10\/77AE80B5F-ABn.jpg\" alt=\"\" width=\"1892\" height=\"906\" srcset=\"http:\/\/supplyhouse.vn\/wp-content\/uploads\/2018\/10\/77AE80B5F-ABn.jpg 1892w, http:\/\/supplyhouse.vn\/wp-content\/uploads\/2018\/10\/77AE80B5F-ABn-700x335.jpg 700w, http:\/\/supplyhouse.vn\/wp-content\/uploads\/2018\/10\/77AE80B5F-ABn-768x368.jpg 768w, http:\/\/supplyhouse.vn\/wp-content\/uploads\/2018\/10\/77AE80B5F-ABn-1200x575.jpg 1200w\" sizes=\"(max-width: 1892px) 100vw, 1892px\" \/>[\/vc_column_text][vc_row_inner][vc_column_inner width=&#8221;1\/2&#8243;][vc_single_image image=&#8221;4393&#8243; img_size=&#8221;full&#8221; css=&#8221;.vc_custom_1538711950222{margin-top: 30px !important;}&#8221;][\/vc_column_inner][vc_column_inner width=&#8221;1\/2&#8243;][vc_single_image image=&#8221;4391&#8243; img_size=&#8221;full&#8221; css=&#8221;.vc_custom_1538711964918{margin-top: 30px !important;}&#8221;][\/vc_column_inner][\/vc_row_inner][\/vc_column][\/vc_row]<\/p>\n","protected":false},"excerpt":{"rendered":"<p>[vc_row][vc_column][vc_column_text] D\u1ecaCH V\u1ee4 C\u00c2N CH\u1ec8NH HVAC K\u00ednh th\u01b0a Qu\u00fd kh\u00e1ch h\u00e0ng, Tr\u1ea3i qua nhi\u1ec1u n\u0103m l\u00e0m vi\u1ec7c trong l\u0129nh v\u1ef1c<\/p>\n","protected":false},"author":1,"featured_media":0,"parent":0,"menu_order":0,"comment_status":"closed","ping_status":"closed","template":"","meta":[],"_links":{"self":[{"href":"http:\/\/supplyhouse.vn\/en\/wp-json\/wp\/v2\/pages\/3148"}],"collection":[{"href":"http:\/\/supplyhouse.vn\/en\/wp-json\/wp\/v2\/pages"}],"about":[{"href":"http:\/\/supplyhouse.vn\/en\/wp-json\/wp\/v2\/types\/page"}],"author":[{"embeddable":true,"href":"http:\/\/supplyhouse.vn\/en\/wp-json\/wp\/v2\/users\/1"}],"replies":[{"embeddable":true,"href":"http:\/\/supplyhouse.vn\/en\/wp-json\/wp\/v2\/comments?post=3148"}],"version-history":[{"count":4,"href":"http:\/\/supplyhouse.vn\/en\/wp-json\/wp\/v2\/pages\/3148\/revisions"}],"predecessor-version":[{"id":5615,"href":"http:\/\/supplyhouse.vn\/en\/wp-json\/wp\/v2\/pages\/3148\/revisions\/5615"}],"wp:attachment":[{"href":"http:\/\/supplyhouse.vn\/en\/wp-json\/wp\/v2\/media?parent=3148"}],"curies":[{"name":"wp","href":"https:\/\/api.w.org\/{rel}","templated":true}]}}