{"id":2935,"date":"2018-08-16T11:22:52","date_gmt":"2018-08-16T04:22:52","guid":{"rendered":"http:\/\/11173.123webdep.xyz\/?page_id=2935"},"modified":"2018-09-18T11:42:01","modified_gmt":"2018-09-18T04:42:01","slug":"video-project","status":"publish","type":"page","link":"http:\/\/supplyhouse.vn\/en\/video-project\/","title":{"rendered":"PROJECT VIDEO"},"content":{"rendered":"<p>[vc_row full_width=&#8221;stretch_row&#8221; content_placement=&#8221;middle&#8221; video_bg=&#8221;yes&#8221; video_bg_url=&#8221;https:\/\/www.youtube.com\/watch?v=cfqurGZy6lo&#8221; woodmart_parallax=&#8221;1&#8243; css=&#8221;.vc_custom_1537245575624{margin-bottom: -40px !important;padding-top: 08vh !important;padding-bottom: 08vh !important;background-color: #0a0a0a !important;}&#8221; el_class=&#8221;opacity-video-bg&#8221;][vc_column woodmart_color_scheme=&#8221;light&#8221; css=&#8221;.vc_custom_1509355870092{padding-top: 0px !important;}&#8221;]\n\t\t<div id=\"woodmart-title-id-69dc617e864a1\" class=\"title-wrapper  woodmart-title-color-primary woodmart-title-style-bordered woodmart-title-size-large woodmart-title-width-100 text-center vc_custom_1537245004352\">\n\n\t\t\t\n\t\t\t<div class=\"liner-continer\">\n\t\t\t\t<span class=\"left-line\"><\/span>\n\t\t\t\t <h4 class=\"woodmart-title-container title  woodmart-font-weight-\" ><strong>PROJECT VIDEO<\/strong><\/h4>\t\t\t\t \t\t\t\t<span class=\"right-line\"><\/span>\n\t\t\t<\/div>\n\t\t\t\n\t\t\t\t\t\t\n\t\t\t\n\t\t<\/div>\n\t\t\n\t\t[\/vc_column][vc_column woodmart_color_scheme=&#8221;light&#8221; css=&#8221;.vc_custom_1534214177634{padding-top: 0px !important;}&#8221; el_class=&#8221;text-center&#8221;]\t\n\t\t\t<div id=\"woodmart-text-block-id-69dc617e864fd\" class=\"woodmart-text-block-wrapper color-scheme-light woodmart-title-size-medium woodmart-title-width-70 text-center \">\n\t\t\t\t<div class=\"woodmart-title-container woodmart-text-block font-text woodmart-font-weight-\">\n\t\t\t\t\t<\/p>\n<div id=\"pg-8-1\" class=\"panel-grid\">\n<div id=\"pgc-8-1-0\" class=\"panel-grid-cell\">\n<div id=\"panel-8-1-0-0\" class=\"so-panel widget widget_sow-editor panel-first-child panel-last-child\" data-index=\"3\">\n<div class=\"so-widget-sow-editor so-widget-sow-editor-base\">\n<div class=\"siteorigin-widget-tinymce textwidget\">\n<div class=\"page-content\">\n<div class=\"section\">\n<div class=\"section-content\">\n<h4 class=\"section-content\">Ch\u00fa tr\u1ecdng \u0111\u1ebfn ki\u1ebfn tr\u00fac t\u1ed5ng th\u1ec3 c\u0169ng nh\u01b0 quan t\u00e2m \u0111\u1ebfn t\u1eebng chi ti\u1ebft thi\u1ebft k\u1ebf, \u0111\u1ea3m b\u1ea3o ch\u1ea5t l\u01b0\u1ee3ng cao c\u1ea5p cho kh\u00f4ng gian s\u1ed1ng v\u00e0 l\u00e0m vi\u1ec7c l\u00e0 \u01b0u ti\u00ean h\u00e0ng \u0111\u1ea7u t\u1ea1i c\u00e1c d\u1ef1 \u00e1n<\/h4>\n<\/div>\n<\/div>\n<\/div>\n<\/div>\n<\/div>\n<\/div>\n<\/div>\n<\/div>\n<p>\t\t\t\t<\/div>\n\t\t\t\t\t\t\t<\/div>\n\t\t[\/vc_column][\/vc_row][vc_row css=&#8221;.vc_custom_1509357993395{margin-bottom: 6vh !important;}&#8221;][vc_column][vc_raw_html]JTNDcCUyMHN0eWxlJTNEJTIycGFkZGluZy10b3AlM0ElMjA0MHB4JTNCJTIyJTNFJTNDJTJGcCUzRQ==[\/vc_raw_html]\n\t\t<div id=\"woodmart-title-id-69dc617e8651e\" class=\"title-wrapper  woodmart-title-color-primary woodmart-title-style-bordered woodmart-title-size-medium woodmart-title-width-100 text-center vc_custom_1537245715090\">\n\n\t\t\t\n\t\t\t<div class=\"liner-continer\">\n\t\t\t\t<span class=\"left-line\"><\/span>\n\t\t\t\t <h4 class=\"woodmart-title-container title  woodmart-font-weight-\" ><strong>VIDEO FOR US PROJECT<\/strong><\/h4>\t\t\t\t \t\t\t\t<span class=\"right-line\"><\/span>\n\t\t\t<\/div>\n\t\t\t\n\t\t\t\t\t\t\n\t\t\t\n\t\t<\/div>\n\t\t\n\t\t[\/vc_column][vc_column width=&#8221;1\/2&#8243;][vc_video link=&#8221;https:\/\/www.youtube.com\/watch?v=ksYcqtny-jw&#8221; image_poster_switch=&#8221;yes&#8221;][\/vc_column][vc_column width=&#8221;1\/2&#8243;][vc_video link=&#8221;https:\/\/www.youtube.com\/watch?v=st3K6XJWqRI&#8221;][\/vc_column][\/vc_row][vc_row css=&#8221;.vc_custom_1509357993395{margin-bottom: 6vh !important;}&#8221;][vc_column width=&#8221;1\/2&#8243;]\n\t\t<div id=\"woodmart-title-id-69dc617e86540\" class=\"title-wrapper  woodmart-title-color-primary woodmart-title-style-bordered woodmart-title-size-default woodmart-title-width-100 text-center vc_custom_1537244396261\">\n\n\t\t\t\n\t\t\t<div class=\"liner-continer\">\n\t\t\t\t<span class=\"left-line\"><\/span>\n\t\t\t\t <h4 class=\"woodmart-title-container title  woodmart-font-weight-\" ><strong>HVAC-R PROJECT VIDEO<\/strong><\/h4>\t\t\t\t \t\t\t\t<span class=\"right-line\"><\/span>\n\t\t\t<\/div>\n\t\t\t\n\t\t\t\t\t\t\n\t\t\t\n\t\t<\/div>\n\t\t\n\t\t[vc_video link=&#8221;https:\/\/www.youtube.com\/watch?v=sVudMEXzdWk&#8221;][\/vc_column][vc_column width=&#8221;1\/2&#8243;]\n\t\t<div id=\"woodmart-title-id-69dc617e86559\" class=\"title-wrapper  woodmart-title-color-primary woodmart-title-style-bordered woodmart-title-size-default woodmart-title-width-100 text-center vc_custom_1537244378709\">\n\n\t\t\t\n\t\t\t<div class=\"liner-continer\">\n\t\t\t\t<span class=\"left-line\"><\/span>\n\t\t\t\t <h4 class=\"woodmart-title-container title  woodmart-font-weight-\" ><strong>REAL ESTATE PROJECT VIDEO<\/strong><\/h4>\t\t\t\t \t\t\t\t<span class=\"right-line\"><\/span>\n\t\t\t<\/div>\n\t\t\t\n\t\t\t\t\t\t\n\t\t\t\n\t\t<\/div>\n\t\t\n\t\t[vc_video link=&#8221;https:\/\/www.youtube.com\/watch?v=Fh_W5AjRjFw&#8221;][\/vc_column][\/vc_row][vc_row full_width=&#8221;stretch_row&#8221; content_placement=&#8221;middle&#8221; video_bg=&#8221;yes&#8221; video_bg_url=&#8221;https:\/\/www.youtube.com\/watch?v=defuJQSw8vI&#8221; woodmart_parallax=&#8221;1&#8243; css=&#8221;.vc_custom_1534214015981{margin-bottom: -40px !important;padding-top: 12vh !important;padding-bottom: 12vh !important;background-color: #0a0a0a !important;}&#8221; el_class=&#8221;opacity-video-bg&#8221;][vc_column woodmart_color_scheme=&#8221;light&#8221; css=&#8221;.vc_custom_1509355870092{padding-top: 0px !important;}&#8221;]\n\t\t<div id=\"woodmart-title-id-69dc617e86571\" class=\"title-wrapper  woodmart-title-color-primary woodmart-title-style-bordered woodmart-title-size-large woodmart-title-width-100 text-center vc_custom_1537244689509\">\n\n\t\t\t\t\t\t\t<div class=\"title-subtitle  font-default style-default\">T\u01af V\u1ea4N - THI\u1ebeT K\u1ebe - THI C\u00d4NG<br \/>\nNH\u00c0 CUNG C\u1ea4P THI\u1ebeT B\u1eca V\u00c0 PH\u1ee4 KI\u1ec6N HVAC-R<\/div>\n\t\t\t\n\t\t\t<div class=\"liner-continer\">\n\t\t\t\t<span class=\"left-line\"><\/span>\n\t\t\t\t <h4 class=\"woodmart-title-container title  woodmart-font-weight-\" ><strong>30-4 TECHNICAL TRADING JOINT STOCK COMPANY<\/strong><\/h4>\t\t\t\t \t\t\t\t<span class=\"right-line\"><\/span>\n\t\t\t<\/div>\n\t\t\t\n\t\t\t\t\t\t\n\t\t\t\n\t\t<\/div>\n\t\t\n\t\t[\/vc_column][vc_column woodmart_color_scheme=&#8221;light&#8221; css=&#8221;.vc_custom_1534214177634{padding-top: 0px !important;}&#8221; el_class=&#8221;text-center&#8221;]\t\n\t\t\t<div id=\"woodmart-text-block-id-69dc617e8658e\" class=\"woodmart-text-block-wrapper color-scheme-light woodmart-title-size-custom woodmart-title-width-40 text-center \">\n\t\t\t\t<div class=\"woodmart-title-container woodmart-text-block font-text woodmart-font-weight-\">\n\t\t\t\t\t\t\t\t\t<\/div>\n\t\t\t\t\t\t\t\t\t<style>\n\t\t\t\t\t\t\t\t\t\t\t\t\n\t\t\t\t\t\t\t#woodmart-text-block-id-69dc617e8658e .woodmart-text-block {\n\t\t\t\t\t\t\t\t\t\t\t\t\t\t\t\t\tfont-size: 16pxpx;\n\t\t\t\t\t\t\t\t\tline-height: 26px;\n\t\t\t\t\t\t\t\t\t\t\t\t\t\t\t\t\t\t\t\t\t\t\t}\n\n\t\t\t\t\t\t\t\t\t\t\t\t\n\t\t\t\t\t\t\n\t\t\t\t\t\t\n\t\t\t\t\t<\/style>\n\t\t\t\t\t\t\t<\/div>\n\t\t[\/vc_column][\/vc_row]<\/p>\n","protected":false},"excerpt":{"rendered":"<p>[vc_row full_width=&#8221;stretch_row&#8221; content_placement=&#8221;middle&#8221; video_bg=&#8221;yes&#8221; video_bg_url=&#8221;https:\/\/www.youtube.com\/watch?v=cfqurGZy6lo&#8221; woodmart_parallax=&#8221;1&#8243; css=&#8221;.vc_custom_1537245575624{margin-bottom: -40px !important;padding-top: 08vh !important;padding-bottom: 08vh !important;background-color: #0a0a0a !important;}&#8221; el_class=&#8221;opacity-video-bg&#8221;][vc_column woodmart_color_scheme=&#8221;light&#8221; css=&#8221;.vc_custom_1509355870092{padding-top: 0px !important;}&#8221;][\/vc_column][vc_column<\/p>\n","protected":false},"author":1,"featured_media":0,"parent":0,"menu_order":0,"comment_status":"closed","ping_status":"closed","template":"","meta":[],"_links":{"self":[{"href":"http:\/\/supplyhouse.vn\/en\/wp-json\/wp\/v2\/pages\/2935"}],"collection":[{"href":"http:\/\/supplyhouse.vn\/en\/wp-json\/wp\/v2\/pages"}],"about":[{"href":"http:\/\/supplyhouse.vn\/en\/wp-json\/wp\/v2\/types\/page"}],"author":[{"embeddable":true,"href":"http:\/\/supplyhouse.vn\/en\/wp-json\/wp\/v2\/users\/1"}],"replies":[{"embeddable":true,"href":"http:\/\/supplyhouse.vn\/en\/wp-json\/wp\/v2\/comments?post=2935"}],"version-history":[{"count":9,"href":"http:\/\/supplyhouse.vn\/en\/wp-json\/wp\/v2\/pages\/2935\/revisions"}],"predecessor-version":[{"id":3614,"href":"http:\/\/supplyhouse.vn\/en\/wp-json\/wp\/v2\/pages\/2935\/revisions\/3614"}],"wp:attachment":[{"href":"http:\/\/supplyhouse.vn\/en\/wp-json\/wp\/v2\/media?parent=2935"}],"curies":[{"name":"wp","href":"https:\/\/api.w.org\/{rel}","templated":true}]}}