{"id":2925,"date":"2018-08-16T11:01:05","date_gmt":"2018-08-16T04:01:05","guid":{"rendered":"http:\/\/11173.123webdep.xyz\/?page_id=2925"},"modified":"2018-09-18T11:48:33","modified_gmt":"2018-09-18T04:48:33","slug":"video-san-pham","status":"publish","type":"page","link":"http:\/\/supplyhouse.vn\/en\/video-san-pham\/","title":{"rendered":"Video s\u1ea3n ph\u1ea9m"},"content":{"rendered":"<p>[vc_row full_width=&#8221;stretch_row&#8221; content_placement=&#8221;middle&#8221; video_bg=&#8221;yes&#8221; video_bg_url=&#8221;https:\/\/www.youtube.com\/watch?v=mlL8oCA76do&#8221; woodmart_parallax=&#8221;1&#8243; css=&#8221;.vc_custom_1537242301270{margin-bottom: -40px !important;padding-top: 04vh !important;padding-bottom: 04vh !important;background-color: #0a0a0a !important;}&#8221; el_class=&#8221;opacity-video-bg&#8221;][vc_column woodmart_color_scheme=&#8221;light&#8221; css=&#8221;.vc_custom_1509355870092{padding-top: 0px !important;}&#8221;]\n\t\t<div id=\"woodmart-title-id-69e1bc8751edc\" class=\"title-wrapper  woodmart-title-color-primary woodmart-title-style-bordered woodmart-title-size-large woodmart-title-width-100 text-center vc_custom_1537241025870\">\n\n\t\t\t\n\t\t\t<div class=\"liner-continer\">\n\t\t\t\t<span class=\"left-line\"><\/span>\n\t\t\t\t <h4 class=\"woodmart-title-container title  woodmart-font-weight-\" ><strong>PRODUCT VIDEO<\/strong><\/h4>\t\t\t\t \t\t\t\t<span class=\"right-line\"><\/span>\n\t\t\t<\/div>\n\t\t\t\n\t\t\t\t\t\t\n\t\t\t\n\t\t<\/div>\n\t\t\n\t\t[\/vc_column][vc_column woodmart_color_scheme=&#8221;light&#8221; css=&#8221;.vc_custom_1534214177634{padding-top: 0px !important;}&#8221; el_class=&#8221;text-center&#8221;]\t\n\t\t\t<div id=\"woodmart-text-block-id-69e1bc8751f13\" class=\"woodmart-text-block-wrapper color-scheme-light woodmart-title-size-medium woodmart-title-width-60 text-center \">\n\t\t\t\t<div class=\"woodmart-title-container woodmart-text-block font-text woodmart-font-weight-\">\n\t\t\t\t\t<\/p>\n<h5>Ch\u00fa tr\u1ecdng \u0111\u1ebfn ch\u1ea5t l\u01b0\u1ee3ng c\u0169ng nh\u01b0 quan t\u00e2m \u0111\u1ebfn t\u1eebng chi ti\u1ebft s\u1ea3n ph\u1ea9m, \u0111\u1ea3m b\u1ea3o mang l\u1ea1i hi\u1ec7u qu\u1ea3 \u1ee9ng d\u1ee5ng t\u1ed1t nh\u1ea5t cho m\u1ed7i lo\u1ea1i c\u00f4ng vi\u1ec7c l\u00e0 \u01b0u ti\u00ean h\u00e0ng \u0111\u1ea7u cho c\u00e1c s\u1ea3n ph\u1ea9m c\u1ee7a ch\u00fang t\u00f4i.<\/h5>\n<p>\t\t\t\t<\/div>\n\t\t\t\t\t\t\t<\/div>\n\t\t[\/vc_column][\/vc_row][vc_row css=&#8221;.vc_custom_1509357993395{margin-bottom: 6vh !important;}&#8221;][vc_column][vc_raw_html]JTNDcCUyMHN0eWxlJTNEJTIycGFkZGluZy10b3AlM0ElMjA0MHB4JTNCJTIyJTNFJTNDJTJGcCUzRQ==[\/vc_raw_html]\n\t\t<div id=\"woodmart-title-id-69e1bc8751f30\" class=\"title-wrapper  woodmart-title-color-primary woodmart-title-style-bordered woodmart-title-size-default woodmart-title-width-100 text-center vc_custom_1537241334012\">\n\n\t\t\t\n\t\t\t<div class=\"liner-continer\">\n\t\t\t\t<span class=\"left-line\"><\/span>\n\t\t\t\t <h4 class=\"woodmart-title-container title  woodmart-font-weight-\" ><strong>VIDEO FOR US PRODUCT<\/strong><\/h4>\t\t\t\t \t\t\t\t<span class=\"right-line\"><\/span>\n\t\t\t<\/div>\n\t\t\t\n\t\t\t\t\t\t\n\t\t\t\n\t\t<\/div>\n\t\t\n\t\t[\/vc_column][vc_column width=&#8221;1\/2&#8243;][vc_video link=&#8221;https:\/\/www.youtube.com\/watch?v=IeF0gluOXjg&#8221; image_poster_switch=&#8221;yes&#8221;][\/vc_column][vc_column width=&#8221;1\/2&#8243;][vc_video link=&#8221;https:\/\/www.youtube.com\/watch?v=aL1avujHvDA&#8221;][\/vc_column][\/vc_row][vc_row css=&#8221;.vc_custom_1509357993395{margin-bottom: 6vh !important;}&#8221;][vc_column width=&#8221;1\/2&#8243;]\n\t\t<div id=\"woodmart-title-id-69e1bc8751f4a\" class=\"title-wrapper  woodmart-title-color-primary woodmart-title-style-bordered woodmart-title-size-default woodmart-title-width-100 text-center vc_custom_1537246087152\">\n\n\t\t\t\n\t\t\t<div class=\"liner-continer\">\n\t\t\t\t<span class=\"left-line\"><\/span>\n\t\t\t\t <h4 class=\"woodmart-title-container title  woodmart-font-weight-\" ><strong>TYPICAL VIDEO<\/strong><\/h4>\t\t\t\t \t\t\t\t<span class=\"right-line\"><\/span>\n\t\t\t<\/div>\n\t\t\t\n\t\t\t\t\t\t\n\t\t\t\n\t\t<\/div>\n\t\t\n\t\t[vc_video link=&#8221;&#8221;][\/vc_column][vc_column width=&#8221;1\/2&#8243;]\n\t\t<div id=\"woodmart-title-id-69e1bc8751f61\" class=\"title-wrapper  woodmart-title-color-primary woodmart-title-style-bordered woodmart-title-size-default woodmart-title-width-100 text-center vc_custom_1537246107559\">\n\n\t\t\t\n\t\t\t<div class=\"liner-continer\">\n\t\t\t\t<span class=\"left-line\"><\/span>\n\t\t\t\t <h4 class=\"woodmart-title-container title  woodmart-font-weight-\" ><strong>LASTEST VIDEO<\/strong><\/h4>\t\t\t\t \t\t\t\t<span class=\"right-line\"><\/span>\n\t\t\t<\/div>\n\t\t\t\n\t\t\t\t\t\t\n\t\t\t\n\t\t<\/div>\n\t\t\n\t\t[vc_video link=&#8221;&#8221;][\/vc_column][\/vc_row]<\/p>\n","protected":false},"excerpt":{"rendered":"<p>[vc_row full_width=&#8221;stretch_row&#8221; content_placement=&#8221;middle&#8221; video_bg=&#8221;yes&#8221; video_bg_url=&#8221;https:\/\/www.youtube.com\/watch?v=mlL8oCA76do&#8221; woodmart_parallax=&#8221;1&#8243; css=&#8221;.vc_custom_1537242301270{margin-bottom: -40px !important;padding-top: 04vh !important;padding-bottom: 04vh !important;background-color: #0a0a0a !important;}&#8221; el_class=&#8221;opacity-video-bg&#8221;][vc_column woodmart_color_scheme=&#8221;light&#8221; css=&#8221;.vc_custom_1509355870092{padding-top: 0px !important;}&#8221;][\/vc_column][vc_column<\/p>\n","protected":false},"author":1,"featured_media":0,"parent":0,"menu_order":0,"comment_status":"closed","ping_status":"closed","template":"","meta":[],"_links":{"self":[{"href":"http:\/\/supplyhouse.vn\/en\/wp-json\/wp\/v2\/pages\/2925"}],"collection":[{"href":"http:\/\/supplyhouse.vn\/en\/wp-json\/wp\/v2\/pages"}],"about":[{"href":"http:\/\/supplyhouse.vn\/en\/wp-json\/wp\/v2\/types\/page"}],"author":[{"embeddable":true,"href":"http:\/\/supplyhouse.vn\/en\/wp-json\/wp\/v2\/users\/1"}],"replies":[{"embeddable":true,"href":"http:\/\/supplyhouse.vn\/en\/wp-json\/wp\/v2\/comments?post=2925"}],"version-history":[{"count":9,"href":"http:\/\/supplyhouse.vn\/en\/wp-json\/wp\/v2\/pages\/2925\/revisions"}],"predecessor-version":[{"id":3616,"href":"http:\/\/supplyhouse.vn\/en\/wp-json\/wp\/v2\/pages\/2925\/revisions\/3616"}],"wp:attachment":[{"href":"http:\/\/supplyhouse.vn\/en\/wp-json\/wp\/v2\/media?parent=2925"}],"curies":[{"name":"wp","href":"https:\/\/api.w.org\/{rel}","templated":true}]}}