{"id":2757,"date":"2017-07-13T06:58:00","date_gmt":"2017-07-13T06:58:00","guid":{"rendered":"http:\/\/11173.123webdep.xyz\/gioi-thieu\/"},"modified":"2020-03-24T13:39:00","modified_gmt":"2020-03-24T06:39:00","slug":"about-us","status":"publish","type":"page","link":"http:\/\/supplyhouse.vn\/en\/about-us\/","title":{"rendered":"About us"},"content":{"rendered":"<p>[vc_row][vc_column][rev_slider_vc alias=&#8221;doanh-nghiep&#8221;][\/vc_column][\/vc_row][vc_row][vc_column][vc_raw_html]JTNDcCUyMHN0eWxlJTNEJTIycGFkZGluZy10b3AlM0ElMjAzJTI1JTNCJTIyJTNFJTNDJTJGcCUzRQ==[\/vc_raw_html][\/vc_column][\/vc_row][vc_row equal_height=&#8221;yes&#8221; content_placement=&#8221;middle&#8221; css=&#8221;.vc_custom_1496237335125{margin-bottom: 3vh !important;}&#8221;][vc_column css=&#8221;.vc_custom_1496237153921{margin-bottom: 0px !important;}&#8221; offset=&#8221;vc_col-md-6 vc_col-xs-12&#8243;][vc_single_image image=&#8221;1905&#8243; img_size=&#8221;full&#8221;][\/vc_column][vc_column css=&#8221;.vc_custom_1496237358092{padding-top: 3vh !important;padding-right: 20px !important;padding-bottom: 3vh !important;padding-left: 20px !important;}&#8221; offset=&#8221;vc_col-md-6 vc_col-xs-12&#8243;]\n\t\t<div id=\"woodmart-title-id-69de186d2eb12\" class=\"title-wrapper  woodmart-title-color-default woodmart-title-style-default woodmart-title-size-large woodmart-title-width-100 text-left vc_custom_1582163129387\">\n\n\t\t\t\n\t\t\t<div class=\"liner-continer\">\n\t\t\t\t<span class=\"left-line\"><\/span>\n\t\t\t\t <h4 class=\"woodmart-title-container title  woodmart-font-weight-\" >Contact us<\/h4>\t\t\t\t \t\t\t\t<span class=\"right-line\"><\/span>\n\t\t\t<\/div>\n\t\t\t\n\t\t\t\t\t\t\n\t\t\t\n\t\t<\/div>\n\t\t\n\t\t[vc_custom_heading text=&#8221;Office&#8221; font_container=&#8221;tag:p|font_size:22|text_align:left|color:%238e8e8e|line_height:22px&#8221; google_fonts=&#8221;font_family:Ubuntu%3A300%2C300italic%2Cregular%2Citalic%2C500%2C500italic%2C700%2C700italic|font_style:500%20bold%20regular%3A500%3Anormal&#8221; css=&#8221;.vc_custom_1582163182873{margin-top: -10px !important;}&#8221; el_class=&#8221;visible-lg&#8221;][vc_column_text el_class=&#8221;text-larger&#8221; css=&#8221;.vc_custom_1585031934772{margin-bottom: 25px !important;}&#8221;]32-34 Nguyen Xuan Khoat, Tan Son Nhi Ward,<br \/>\nTan Phu District, Ho Chi Minh City, Viet Nam[\/vc_column_text][vc_custom_heading text=&#8221;Phone number&#8221; font_container=&#8221;tag:p|font_size:22|text_align:left|color:%238e8e8e|line_height:32px&#8221; google_fonts=&#8221;font_family:Ubuntu%3A300%2C300italic%2Cregular%2Citalic%2C500%2C500italic%2C700%2C700italic|font_style:500%20bold%20regular%3A500%3Anormal&#8221; css=&#8221;.vc_custom_1582163225170{margin-top: -10px !important;}&#8221; el_class=&#8221;visible-lg&#8221;][vc_column_text el_class=&#8221;text-larger&#8221; css=&#8221;.vc_custom_1582163278199{margin-bottom: 25px !important;}&#8221;]088.888.3004 \u2013 089.898.3004[\/vc_column_text][vc_custom_heading text=&#8221;Email&#8221; font_container=&#8221;tag:p|font_size:22|text_align:left|color:%238e8e8e|line_height:22px&#8221; google_fonts=&#8221;font_family:Ubuntu%3A300%2C300italic%2Cregular%2Citalic%2C500%2C500italic%2C700%2C700italic|font_style:500%20bold%20regular%3A500%3Anormal&#8221; css=&#8221;.vc_custom_1544587287790{margin-top: -10px !important;}&#8221; el_class=&#8221;visible-lg&#8221;][vc_column_text el_class=&#8221;text-larger&#8221; css=&#8221;.vc_custom_1544587308453{margin-bottom: 25px !important;}&#8221;]tuan.nguyen@30-4corp.com.vn[\/vc_column_text][vc_custom_heading text=&#8221;Website&#8221; font_container=&#8221;tag:p|font_size:22|text_align:left|color:%238e8e8e|line_height:22px&#8221; google_fonts=&#8221;font_family:Ubuntu%3A300%2C300italic%2Cregular%2Citalic%2C500%2C500italic%2C700%2C700italic|font_style:500%20bold%20regular%3A500%3Anormal&#8221; css=&#8221;.vc_custom_1533192375501{margin-top: -10px !important;}&#8221; el_class=&#8221;visible-lg&#8221;][vc_column_text el_class=&#8221;text-larger&#8221; css=&#8221;.vc_custom_1533191520656{margin-bottom: 25px !important;}&#8221;]www.30-4corp.com.vn[\/vc_column_text][\/vc_column][\/vc_row][vc_row full_width=&#8221;stretch_row_content_no_spaces&#8221; equal_height=&#8221;yes&#8221; content_placement=&#8221;middle&#8221; css=&#8221;.vc_custom_1493796739523{margin-bottom: 5vh !important;padding-top: 0px !important;padding-bottom: 0px !important;background-color: #141414 !important;}&#8221;][vc_column woodmart_color_scheme=&#8221;light&#8221; css=&#8221;.vc_custom_1497001837435{padding-top: 5vh !important;padding-right: 7vh !important;padding-bottom: 5vh !important;padding-left: 7vh !important;background-color: #141414 !important;background-position: 0 0 !important;background-repeat: no-repeat !important;}&#8221; offset=&#8221;vc_col-md-6 vc_col-xs-12&#8243;][vc_column_text]<\/p>\n<div id=\"eJOY__extension_root\" style=\"all: unset;\"><\/div>\n<p>[\/vc_column_text][vc_column_text css=&#8221;.vc_custom_1533192772966{margin-bottom: 10px !important;}&#8221;]<strong style=\"color: #fff; font-size: 16px; letter-spacing: 3px; font-weight: 500;\">Th\u01b0 Ng\u1ecf<\/strong>[\/vc_column_text]\n\t\t<div id=\"woodmart-title-id-69de186d2eb67\" class=\"title-wrapper  woodmart-title-color-default woodmart-title-style-default woodmart-title-size-extra-large woodmart-title-width-100 text-left vc_custom_1536284680197\">\n\n\t\t\t\n\t\t\t<div class=\"liner-continer\">\n\t\t\t\t<span class=\"left-line\"><\/span>\n\t\t\t\t <h4 class=\"woodmart-title-container title  woodmart-font-weight-\" >30-4<\/h4>\t\t\t\t \t\t\t\t<span class=\"right-line\"><\/span>\n\t\t\t<\/div>\n\t\t\t\n\t\t\t\t\t\t\n\t\t\t\n\t\t<\/div>\n\t\t\n\t\t[vc_custom_heading text=&#8221;K\u00cdNH TH\u01afA TO\u00c0N TH\u1ec2 QU\u00dd KH\u00c1CH H\u00c0NG!&#8221; font_container=&#8221;tag:p|font_size:32|text_align:left|color:%23bcbcbc|line_height:32px&#8221; google_fonts=&#8221;font_family:Ubuntu%3A300%2C300italic%2Cregular%2Citalic%2C500%2C500italic%2C700%2C700italic|font_style:300%20light%20regular%3A300%3Anormal&#8221; el_class=&#8221;visible-lg&#8221; css=&#8221;.vc_custom_1533192812836{margin-top: -10px !important;}&#8221;][vc_separator color=&#8221;custom&#8221; align=&#8221;align_left&#8221; border_width=&#8221;2&#8243; el_width=&#8221;10&#8243; accent_color=&#8221;#339059&#8243; css=&#8221;.vc_custom_1497001455031{margin-bottom: 25px !important;padding-top: 5px !important;}&#8221;][vc_row_inner][vc_column_inner][vc_column_text css=&#8221;.vc_custom_1533193037561{margin-bottom: 20px !important;}&#8221;]<\/p>\n<h4 style=\"color: #fff; font-size: 16px; margin-bottom: 10px;\">C\u00d4NG TY C\u1ed4 PH\u1ea6N TH\u01af\u01a0NG M\u1ea0I K\u1ef8 THU\u1eacT 30-4 xin g\u1eedi l\u1eddi ch\u00fac s\u1ee9c kho\u1ebb v\u00e0 l\u1eddi ch\u00e0o tr\u00e2n tr\u1ecdng nh\u1ea5t \u0111\u1ebfn to\u00e0n th\u1ec3 Qu\u00fd kh\u00e1ch h\u00e0ng!<\/h4>\n<p>C\u00d4NG TY C\u1ed4 PH\u1ea6N TH\u01af\u01a0NG M\u1ea0I K\u1ef8 THU\u1eacT 30-4 l\u00e0 c\u00f4ng ty chuy\u00ean v\u1ec1 thi\u1ebft k\u1ebf v\u00e0 thi c\u00f4ng h\u1ec7 th\u1ed1ng \u0110i\u1ec1u H\u00f2a Kh\u00f4ng Kh\u00ed cho c\u00e1c c\u00f4ng tr\u00ecnh d\u00e2n d\u1ee5ng, th\u01b0\u01a1ng m\u1ea1i v\u00e0 c\u00f4ng nghi\u1ec7p, \u0111\u1ed3ng th\u1eddi l\u00e0 nh\u00e0 ph\u00e2n ph\u1ed1i m\u00e1y \u0110i\u1ec1u H\u00f2a Kh\u00f4ng Kh\u00ed ch\u00ednh h\u00e3ng c\u1ee7a c\u00e1c th\u01b0\u01a1ng hi\u1ec7u h\u00e0ng \u0111\u1ea7u t\u1ea1i Vi\u1ec7t Nam nh\u01b0 Daikin, Mitsubishi, Panasonic, Toshiba, LG\u2026; c\u00f4ng ty c\u00f2n l\u00e0 nh\u00e0 cung c\u1ea5p c\u00e1c ph\u1ee5 t\u00f9ng, ph\u1ee5 ki\u1ec7n ch\u00ednh h\u00e3ng trong ng\u00e0nh HVACR cho c\u00e1c nh\u00e0 m\u00e1y c\u00f4ng nghi\u1ec7p t\u1ea1i Vi\u1ec7t Nam.<\/p>\n<p>C\u00d4NG TY C\u1ed4 PH\u1ea6N TH\u01af\u01a0NG M\u1ea0I K\u1ef8 THU\u1eacT 30-4 l\u00e0 t\u1eadp h\u1ee3p t\u1eeb nh\u1eefng k\u1ef9 s\u01b0 chuy\u00ean ng\u00e0nh c\u1ee7a tr\u01b0\u1eddng \u0110\u1ea1i h\u1ecdc B\u00e1ch Khoa, \u0111\u01b0\u1ee3c \u0111\u00e0o t\u1ea1o b\u00e0i b\u1ea3n v\u00e0 c\u00f3 nhi\u1ec1u n\u0103m kinh nghi\u1ec7m, v\u1eefng chuy\u00ean m\u00f4n, gi\u00e0u s\u00e1ng t\u1ea1o, t\u1eadn t\u00e2m, t\u00f4n tr\u1ecdng v\u00e0 am hi\u1ec3u nhu c\u1ea7u kh\u00e1ch h\u00e0ng. C\u00f4ng ty cam k\u1ebft \u0111\u00e1p \u1ee9ng c\u00e1c y\u00eau c\u1ea7u v\u00e0 l\u00e0m h\u00e0i l\u00f2ng qu\u00fd kh\u00e1ch h\u00e0ng b\u1eb1ng nh\u1eefng s\u1ea3n ph\u1ea9m ch\u1ea5t l\u01b0\u1ee3ng cao v\u00e0 d\u1ecbch v\u1ee5 t\u1ed1t nh\u1ea5t, \u0111\u1ea3m b\u1ea3o an to\u00e0n v\u00e0 th\u1eddi gian nhanh ch\u00f3ng v\u1edbi m\u1ee9c gi\u00e1 h\u1ee3p l\u00fd nh\u1ea5t.<\/p>\n<p>C\u00f9ng v\u1edbi vi\u1ec7c \u00e1p d\u1ee5ng c\u00e1c c\u00f4ng ngh\u1ec7 ti\u00ean ti\u1ebfn, c\u00f4ng ty c\u00f2n \u0111\u01b0\u1ee3c s\u1ef1 quan t\u00e2m h\u1ed7 tr\u1ee3 c\u1ee7a c\u00e1c c\u01a1 quan ch\u1ee9c n\u0103ng, s\u1ef1 tin t\u01b0\u1edfng c\u1ee7a qu\u00fd kh\u00e1ch h\u00e0ng, hi\u1ec7n nay c\u00f4ng ty \u0111\u00e3 tr\u1edf th\u00e0nh nh\u00e0 th\u1ea7u thi c\u00f4ng h\u1ec7 th\u1ed1ng k\u1ef9 thu\u1eadt \u0110i\u1ec1u H\u00f2a Kh\u00f4ng Kh\u00ed uy t\u00edn h\u00e0ng \u0111\u1ea7u t\u1ea1i Th\u00e0nh ph\u1ed1 H\u1ed3 Ch\u00ed Minh.<\/p>\n<p>S\u1ef1 an t\u00e2m, h\u00e0i l\u00f2ng c\u1ee7a qu\u00fd kh\u00e1ch h\u00e0ng l\u00e0 ni\u1ec1m vinh h\u1ea1nh v\u00e0 tr\u00e1ch nhi\u1ec7m c\u1ee7a ch\u00fang t\u00f4i. V\u00ec v\u1eady, ch\u00fang t\u00f4i lu\u00f4n \u0111\u1ec1 cao ph\u01b0\u01a1ng ch\u00e2m \u201cCh\u1ea5t L\u01b0\u1ee3ng, Uy T\u00edn, Trung Th\u1ef1c\u201d trong c\u00f4ng vi\u1ec7c v\u00e0 r\u1ea5t mong c\u00f3 c\u01a1 h\u1ed9i h\u1ee3p t\u00e1c v\u00e0 g\u00f3p ph\u1ea7n v\u00e0o s\u1ef1 ph\u00e1t tri\u1ec3n c\u1ee7a qu\u00fd kh\u00e1ch h\u00e0ng.<\/p>\n<p>Xin ch\u00e2n th\u00e0nh c\u1ea3m \u01a1n v\u00e0 k\u00ednh ch\u00fac m\u1ecdi s\u1ef1 t\u1ed1t \u0111\u1eb9p s\u1ebd \u0111\u1ebfn v\u1edbi Qu\u00fd kh\u00e1ch h\u00e0ng. C\u00f4ng ty C\u1ed5 ph\u1ea7n Th\u01b0\u01a1ng m\u1ea1i K\u1ef9 thu\u1eadt 30-4 r\u1ea5t h\u00e2n h\u1ea1nh \u0111\u01b0\u1ee3c ph\u1ee5c v\u1ee5 v\u1edbi tinh th\u1ea7n \u0111\u1ea3m b\u1ea3o ch\u1ea5t l\u01b0\u1ee3ng v\u00e0 s\u1ef1 tin t\u01b0\u1edfng cao nh\u1ea5t.<\/p>\n<p>Tr\u00e2n tr\u1ecdng.[\/vc_column_text][\/vc_column_inner][\/vc_row_inner][\/vc_column][vc_column css=&#8221;.vc_custom_1496236506556{padding-top: 0px !important;background-position: center !important;background-repeat: no-repeat !important;background-size: cover !important;}&#8221; offset=&#8221;vc_col-md-6 vc_col-xs-12&#8243;]\t\t\t<div id=\"gallery_356\" class=\"woodmart-images-gallery  woodmart-spacing-0 gallery-spacing-0 columns-1 view-grid photoswipe-images\">\n\t\t\t\t<div class=\"gallery-images \">\n\t\t\t\t\t\t\t\t\t\t\t\t\t\t\t\t\t\t<div class=\"woodmart-gallery-item\">\n\t\t\t\t\t\t\t\t\t\t\t\t\t\t\t\t\t<a href=\"http:\/\/supplyhouse.vn\/wp-content\/uploads\/2017\/06\/1-5.jpg\" data-index=\"1\" data-width=\"850\" data-height=\"510\"  >\n\t\t\t\t\t\t\t\t\t\t\t\t\t\t\t\t\n\t\t\t\t\t\t\t\t\t\t\t\t\t\t\t\t\t<img width=\"850\" height=\"510\" src=\"http:\/\/supplyhouse.vn\/wp-content\/uploads\/2017\/06\/1-5.jpg\" class=\"woodmart-gallery-image image-1 attachment-full\" alt=\"\" loading=\"lazy\" srcset=\"http:\/\/supplyhouse.vn\/wp-content\/uploads\/2017\/06\/1-5.jpg 850w, http:\/\/supplyhouse.vn\/wp-content\/uploads\/2017\/06\/1-5-300x180.jpg 300w, http:\/\/supplyhouse.vn\/wp-content\/uploads\/2017\/06\/1-5-768x461.jpg 768w\" sizes=\"(max-width: 850px) 100vw, 850px\" \/>\t\t\t\t\t\t\t\t\t\t\t\t\t\t\t\t\n\t\t\t\t\t\t\t\t\t\t\t\t\t\t\t\t\t<\/a>\n\t\t\t\t\t\t\t\t\t\t\t\t\t\t\t<\/div>\n\t\t\t\t\t\t\t\t\t\t\t\t\t<div class=\"woodmart-gallery-item\">\n\t\t\t\t\t\t\t\t\t\t\t\t\t\t\t\t\t<a href=\"http:\/\/supplyhouse.vn\/wp-content\/uploads\/2017\/06\/5-1-1024x776.jpg\" data-index=\"2\" data-width=\"1024\" data-height=\"776\"  >\n\t\t\t\t\t\t\t\t\t\t\t\t\t\t\t\t\n\t\t\t\t\t\t\t\t\t\t\t\t\t\t\t\t\t<img width=\"1286\" height=\"974\" src=\"http:\/\/supplyhouse.vn\/wp-content\/uploads\/2017\/06\/5-1.jpg\" class=\"woodmart-gallery-image image-2 attachment-full\" alt=\"\" loading=\"lazy\" srcset=\"http:\/\/supplyhouse.vn\/wp-content\/uploads\/2017\/06\/5-1.jpg 1286w, http:\/\/supplyhouse.vn\/wp-content\/uploads\/2017\/06\/5-1-300x227.jpg 300w, http:\/\/supplyhouse.vn\/wp-content\/uploads\/2017\/06\/5-1-768x582.jpg 768w, http:\/\/supplyhouse.vn\/wp-content\/uploads\/2017\/06\/5-1-1024x776.jpg 1024w, http:\/\/supplyhouse.vn\/wp-content\/uploads\/2017\/06\/5-1-1200x909.jpg 1200w\" sizes=\"(max-width: 1286px) 100vw, 1286px\" \/>\t\t\t\t\t\t\t\t\t\t\t\t\t\t\t\t\n\t\t\t\t\t\t\t\t\t\t\t\t\t\t\t\t\t<\/a>\n\t\t\t\t\t\t\t\t\t\t\t\t\t\t\t<\/div>\n\t\t\t\t\t\t\t\t\t\t\t\t\t\t\t<\/div>\n\t\t\t<\/div>\n\t\t\t\t\t[\/vc_column][\/vc_row]<\/p>\n","protected":false},"excerpt":{"rendered":"<p>[vc_row][vc_column][rev_slider_vc alias=&#8221;doanh-nghiep&#8221;][\/vc_column][\/vc_row][vc_row][vc_column][vc_raw_html]JTNDcCUyMHN0eWxlJTNEJTIycGFkZGluZy10b3AlM0ElMjAzJTI1JTNCJTIyJTNFJTNDJTJGcCUzRQ==[\/vc_raw_html][\/vc_column][\/vc_row][vc_row equal_height=&#8221;yes&#8221; content_placement=&#8221;middle&#8221; css=&#8221;.vc_custom_1496237335125{margin-bottom: 3vh !important;}&#8221;][vc_column css=&#8221;.vc_custom_1496237153921{margin-bottom: 0px !important;}&#8221; offset=&#8221;vc_col-md-6 vc_col-xs-12&#8243;][vc_single_image image=&#8221;1905&#8243; img_size=&#8221;full&#8221;][\/vc_column][vc_column css=&#8221;.vc_custom_1496237358092{padding-top: 3vh !important;padding-right: 20px !important;padding-bottom: 3vh<\/p>\n","protected":false},"author":1,"featured_media":2760,"parent":0,"menu_order":0,"comment_status":"closed","ping_status":"closed","template":"","meta":[],"_links":{"self":[{"href":"http:\/\/supplyhouse.vn\/en\/wp-json\/wp\/v2\/pages\/2757"}],"collection":[{"href":"http:\/\/supplyhouse.vn\/en\/wp-json\/wp\/v2\/pages"}],"about":[{"href":"http:\/\/supplyhouse.vn\/en\/wp-json\/wp\/v2\/types\/page"}],"author":[{"embeddable":true,"href":"http:\/\/supplyhouse.vn\/en\/wp-json\/wp\/v2\/users\/1"}],"replies":[{"embeddable":true,"href":"http:\/\/supplyhouse.vn\/en\/wp-json\/wp\/v2\/comments?post=2757"}],"version-history":[{"count":8,"href":"http:\/\/supplyhouse.vn\/en\/wp-json\/wp\/v2\/pages\/2757\/revisions"}],"predecessor-version":[{"id":6714,"href":"http:\/\/supplyhouse.vn\/en\/wp-json\/wp\/v2\/pages\/2757\/revisions\/6714"}],"wp:featuredmedia":[{"embeddable":true,"href":"http:\/\/supplyhouse.vn\/en\/wp-json\/wp\/v2\/media\/2760"}],"wp:attachment":[{"href":"http:\/\/supplyhouse.vn\/en\/wp-json\/wp\/v2\/media?parent=2757"}],"curies":[{"name":"wp","href":"https:\/\/api.w.org\/{rel}","templated":true}]}}